{"id":747,"date":"2025-05-13T11:06:48","date_gmt":"2025-05-13T11:06:48","guid":{"rendered":"https:\/\/m3projekts.com\/?post_type=product&#038;p=747"},"modified":"2026-04-14T09:36:58","modified_gmt":"2026-04-14T09:36:58","slug":"bmw-e46-m3-muszeregyseg-hatter-csak-kmh","status":"publish","type":"product","link":"https:\/\/m3projekts.com\/hu\/product\/bmw-e46-m3-instrument-cluster-background-only-kmh\/","title":{"rendered":"BMW E46 M3 m\u0171szeregys\u00e9g h\u00e1tt\u00e9r - csak KMH"},"content":{"rendered":"","protected":false},"excerpt":{"rendered":"<div class=\"description woocommerce-product-details__short-description\">\n<p>K\u00f6zvetlen csereh\u00e1tt\u00e9r, ha az MPH h\u00e1tteret \u201ecsak KMH\u201d-ra szeretn\u00e9 cser\u00e9lni a BMW E46 M3-ban.<\/p>\n<\/div>","protected":false},"featured_media":748,"comment_status":"open","ping_status":"closed","template":"","meta":[],"product_brand":[],"product_cat":[39],"product_tag":[],"class_list":{"0":"post-747","1":"product","2":"type-product","3":"status-publish","4":"has-post-thumbnail","6":"product_cat-e46","8":"first","9":"instock","10":"taxable","11":"shipping-taxable","12":"purchasable","13":"product-type-simple"},"_links":{"self":[{"href":"https:\/\/m3projekts.com\/hu\/wp-json\/wp\/v2\/product\/747","targetHints":{"allow":["GET"]}}],"collection":[{"href":"https:\/\/m3projekts.com\/hu\/wp-json\/wp\/v2\/product"}],"about":[{"href":"https:\/\/m3projekts.com\/hu\/wp-json\/wp\/v2\/types\/product"}],"replies":[{"embeddable":true,"href":"https:\/\/m3projekts.com\/hu\/wp-json\/wp\/v2\/comments?post=747"}],"version-history":[{"count":1,"href":"https:\/\/m3projekts.com\/hu\/wp-json\/wp\/v2\/product\/747\/revisions"}],"predecessor-version":[{"id":2890,"href":"https:\/\/m3projekts.com\/hu\/wp-json\/wp\/v2\/product\/747\/revisions\/2890"}],"wp:featuredmedia":[{"embeddable":true,"href":"https:\/\/m3projekts.com\/hu\/wp-json\/wp\/v2\/media\/748"}],"wp:attachment":[{"href":"https:\/\/m3projekts.com\/hu\/wp-json\/wp\/v2\/media?parent=747"}],"wp:term":[{"taxonomy":"product_brand","embeddable":true,"href":"https:\/\/m3projekts.com\/hu\/wp-json\/wp\/v2\/product_brand?post=747"},{"taxonomy":"product_cat","embeddable":true,"href":"https:\/\/m3projekts.com\/hu\/wp-json\/wp\/v2\/product_cat?post=747"},{"taxonomy":"product_tag","embeddable":true,"href":"https:\/\/m3projekts.com\/hu\/wp-json\/wp\/v2\/product_tag?post=747"}],"curies":[{"name":"wp","href":"https:\/\/api.w.org\/{rel}","templated":true}]}}