{"id":3070,"date":"2025-09-20T10:49:06","date_gmt":"2025-09-20T10:49:06","guid":{"rendered":"https:\/\/m3projekts.com\/product\/e46-v-brace-bracket-kit\/"},"modified":"2026-04-14T09:36:58","modified_gmt":"2026-04-14T09:36:58","slug":"e46-m3-v-merevito-konzol","status":"publish","type":"product","link":"https:\/\/m3projekts.com\/hu\/product\/e46-v-brace-bracket-kit\/","title":{"rendered":"E46 M3 V-merev\u00edt\u0151 konzol nem M-es E46-hoz"},"content":{"rendered":"<p>Ez a k\u00e9szlet tartalmazza a V-merev\u00edt\u0151 felszerel\u00e9s\u00e9hez sz\u00fcks\u00e9ges k\u00e9t darab konzolt, amelyek gy\u00e1rilag hi\u00e1nyoznak a sima E46 Touringb\u00f3l. Seg\u00edts\u00e9g\u00fckkel egyszer\u0171en \u00e9s pontosan r\u00f6gz\u00edthet\u0151 a merev\u00edt\u0151, ami nemcsak stabilit\u00e1st, de gy\u00e1ri hat\u00e1s\u00fa megold\u00e1st is biztos\u00edt. Egy praktikus, min\u0151s\u00e9gi alkatr\u00e9szp\u00e1r, amellyel az \u00e1talak\u00edt\u00e1s gyorsabb \u00e9s probl\u00e9mamentesebb lesz.<\/p>","protected":false},"excerpt":{"rendered":"<p>Ez a k\u00e9szlet tartalmazza a V-merev\u00edt\u0151 felszerel\u00e9s\u00e9hez sz\u00fcks\u00e9ges k\u00e9t darab konzolt, amelyek gy\u00e1rilag hi\u00e1nyoznak a sima E46 Touringb\u00f3l. Seg\u00edts\u00e9g\u00fckkel egyszer\u0171en \u00e9s pontosan r\u00f6gz\u00edthet\u0151 a merev\u00edt\u0151, ami nemcsak stabilit\u00e1st, de gy\u00e1ri hat\u00e1s\u00fa megold\u00e1st is biztos\u00edt. Egy praktikus, min\u0151s\u00e9gi alkatr\u00e9szp\u00e1r, amellyel az \u00e1talak\u00edt\u00e1s gyorsabb \u00e9s probl\u00e9mamentesebb lesz.<\/p>","protected":false},"featured_media":3151,"comment_status":"closed","ping_status":"closed","template":"","meta":[],"product_brand":[],"product_cat":[39],"product_tag":[],"class_list":{"0":"post-3070","1":"product","2":"type-product","3":"status-publish","4":"has-post-thumbnail","6":"product_cat-e46","8":"first","9":"instock","10":"taxable","11":"shipping-taxable","12":"purchasable","13":"product-type-simple"},"_links":{"self":[{"href":"https:\/\/m3projekts.com\/hu\/wp-json\/wp\/v2\/product\/3070","targetHints":{"allow":["GET"]}}],"collection":[{"href":"https:\/\/m3projekts.com\/hu\/wp-json\/wp\/v2\/product"}],"about":[{"href":"https:\/\/m3projekts.com\/hu\/wp-json\/wp\/v2\/types\/product"}],"replies":[{"embeddable":true,"href":"https:\/\/m3projekts.com\/hu\/wp-json\/wp\/v2\/comments?post=3070"}],"version-history":[{"count":3,"href":"https:\/\/m3projekts.com\/hu\/wp-json\/wp\/v2\/product\/3070\/revisions"}],"predecessor-version":[{"id":3478,"href":"https:\/\/m3projekts.com\/hu\/wp-json\/wp\/v2\/product\/3070\/revisions\/3478"}],"wp:featuredmedia":[{"embeddable":true,"href":"https:\/\/m3projekts.com\/hu\/wp-json\/wp\/v2\/media\/3151"}],"wp:attachment":[{"href":"https:\/\/m3projekts.com\/hu\/wp-json\/wp\/v2\/media?parent=3070"}],"wp:term":[{"taxonomy":"product_brand","embeddable":true,"href":"https:\/\/m3projekts.com\/hu\/wp-json\/wp\/v2\/product_brand?post=3070"},{"taxonomy":"product_cat","embeddable":true,"href":"https:\/\/m3projekts.com\/hu\/wp-json\/wp\/v2\/product_cat?post=3070"},{"taxonomy":"product_tag","embeddable":true,"href":"https:\/\/m3projekts.com\/hu\/wp-json\/wp\/v2\/product_tag?post=3070"}],"curies":[{"name":"wp","href":"https:\/\/api.w.org\/{rel}","templated":true}]}}