{"id":3050,"date":"2025-09-20T10:49:06","date_gmt":"2025-09-20T10:49:06","guid":{"rendered":"https:\/\/m3projekts.com\/product\/trims-for-carbon-e46-m3-touring-front-fenders-with-cutout-for-side-marker\/"},"modified":"2026-04-14T09:36:58","modified_gmt":"2026-04-14T09:36:58","slug":"diszlec-e46-m3-touring-karbon-elso-sarvedohoz-iranyjelzo-elokeszitessel","status":"publish","type":"product","link":"https:\/\/m3projekts.com\/hu\/product\/trims-for-carbon-e46-m3-touring-front-fenders-with-cutout-for-side-marker\/","title":{"rendered":"D\u00edszl\u00e9c E46 M3 Touring karbon els\u0151 s\u00e1rv\u00e9d\u0151h\u00f6z ir\u00e1nyjelz\u0151 el\u0151k\u00e9sz\u00edt\u00e9ssel"},"content":{"rendered":"<p>Ez az egyedi d\u00edszl\u00e9c kifejezetten a karbon M3 Touring els\u0151 s\u00e1rv\u00e9d\u0151kh\u00f6z k\u00e9sz\u00fclt, \u00e9s gy\u00e1ri st\u00edlusban el\u0151 van k\u00e9sz\u00edtve az ir\u00e1nyjelz\u0151 be\u00e9p\u00edt\u00e9s\u00e9re. T\u00f6k\u00e9letesen passzol a karbon s\u00e1rv\u00e9d\u0151kh\u00f6z, \u00edgy nincs sz\u00fcks\u00e9g a gy\u00e1ri Touring d\u00edszl\u00e9c r\u00f6vid\u00edt\u00e9s\u00e9re vagy m\u00f3dos\u00edt\u00e1s\u00e1ra. 3D nyomtatott, min\u0151s\u00e9gi m\u0171anyagb\u00f3l k\u00e9sz\u00fcl, gy\u00e1ri hat\u00e1s\u00fa illeszked\u00e9st biztos\u00edtva. Egy k\u00e9sz megold\u00e1s, amellyel id\u0151t \u00e9s munk\u00e1t takar\u00edthatsz meg.<\/p>","protected":false},"excerpt":{"rendered":"<p>Ez az egyedi d\u00edszl\u00e9c kifejezetten a karbon M3 Touring els\u0151 s\u00e1rv\u00e9d\u0151kh\u00f6z k\u00e9sz\u00fclt, \u00e9s gy\u00e1ri st\u00edlusban el\u0151 van k\u00e9sz\u00edtve az ir\u00e1nyjelz\u0151 be\u00e9p\u00edt\u00e9s\u00e9re. T\u00f6k\u00e9letesen passzol a karbon s\u00e1rv\u00e9d\u0151kh\u00f6z, \u00edgy nincs sz\u00fcks\u00e9g a gy\u00e1ri Touring d\u00edszl\u00e9c r\u00f6vid\u00edt\u00e9s\u00e9re vagy m\u00f3dos\u00edt\u00e1s\u00e1ra. 3D nyomtatott, min\u0151s\u00e9gi m\u0171anyagb\u00f3l k\u00e9sz\u00fcl, gy\u00e1ri hat\u00e1s\u00fa illeszked\u00e9st biztos\u00edtva. Egy k\u00e9sz megold\u00e1s, amellyel id\u0151t \u00e9s munk\u00e1t takar\u00edthatsz meg.<\/p>","protected":false},"featured_media":3321,"comment_status":"closed","ping_status":"closed","template":"","meta":[],"product_brand":[],"product_cat":[74,63],"product_tag":[],"class_list":{"0":"post-3050","1":"product","2":"type-product","3":"status-publish","4":"has-post-thumbnail","6":"product_cat-e46-m3-wagon-touring","7":"product_cat-trims-for-carbon-e46-m3-touring-front-fenders","9":"first","10":"instock","11":"taxable","12":"shipping-taxable","13":"purchasable","14":"product-type-simple"},"_links":{"self":[{"href":"https:\/\/m3projekts.com\/hu\/wp-json\/wp\/v2\/product\/3050","targetHints":{"allow":["GET"]}}],"collection":[{"href":"https:\/\/m3projekts.com\/hu\/wp-json\/wp\/v2\/product"}],"about":[{"href":"https:\/\/m3projekts.com\/hu\/wp-json\/wp\/v2\/types\/product"}],"replies":[{"embeddable":true,"href":"https:\/\/m3projekts.com\/hu\/wp-json\/wp\/v2\/comments?post=3050"}],"version-history":[{"count":2,"href":"https:\/\/m3projekts.com\/hu\/wp-json\/wp\/v2\/product\/3050\/revisions"}],"predecessor-version":[{"id":3426,"href":"https:\/\/m3projekts.com\/hu\/wp-json\/wp\/v2\/product\/3050\/revisions\/3426"}],"wp:featuredmedia":[{"embeddable":true,"href":"https:\/\/m3projekts.com\/hu\/wp-json\/wp\/v2\/media\/3321"}],"wp:attachment":[{"href":"https:\/\/m3projekts.com\/hu\/wp-json\/wp\/v2\/media?parent=3050"}],"wp:term":[{"taxonomy":"product_brand","embeddable":true,"href":"https:\/\/m3projekts.com\/hu\/wp-json\/wp\/v2\/product_brand?post=3050"},{"taxonomy":"product_cat","embeddable":true,"href":"https:\/\/m3projekts.com\/hu\/wp-json\/wp\/v2\/product_cat?post=3050"},{"taxonomy":"product_tag","embeddable":true,"href":"https:\/\/m3projekts.com\/hu\/wp-json\/wp\/v2\/product_tag?post=3050"}],"curies":[{"name":"wp","href":"https:\/\/api.w.org\/{rel}","templated":true}]}}